{"id":7,"date":"2024-04-25T11:04:32","date_gmt":"2024-04-25T11:04:32","guid":{"rendered":"http:\/\/sportoweinspiracje.com\/?page_id=7"},"modified":"2025-09-09T17:26:10","modified_gmt":"2025-09-09T17:26:10","slug":"stowarzyszenie-sportowe-inspiracje","status":"publish","type":"page","link":"https:\/\/sportoweinspiracje.com\/","title":{"rendered":"Stowarzyszenie Sportowe inspiracje"},"content":{"rendered":"\n<h1 class=\"wp-block-heading\">Wesprzyj Stowarzyszenie Sportowe Inspiracje<\/h1>\n\n\n\n<h2 class=\"wp-block-heading\">Kim jeste\u015bmy?<\/h2>\n\n\n\n<p><strong>Stowarzyszenie Sportowe Inspiracje<\/strong> to organizacja, kt\u00f3ra \u0142\u0105czy pasj\u0119 do sportu i turystyki. Tworzymy wydarzenia dla wszystkich \u2013 od <strong>amatorskich imprez sportowych<\/strong>, przez <strong>wyjazdy turystyczne dla rodzin z dzie\u0107mi<\/strong>, po integracyjne spotkania, kt\u00f3re buduj\u0105 wsp\u00f3lnot\u0119 i zdrowy styl \u017cycia.<\/p>\n\n\n\n<p class=\"has-luminous-vivid-amber-color has-midnight-gradient-background has-text-color has-background has-link-color wp-elements-6d84e9e64f3c225830ebfb37c6652e16\"><strong>PKO BP SA: 86 1020 3176 0000 5102 0328 6234 w tytule  wpisz &#8220;Darowizna na cele statutowe&#8221;<\/strong><\/p>\n\n\n\n<figure class=\"wp-block-embed is-type-video is-provider-youtube wp-block-embed-youtube wp-embed-aspect-9-16 wp-has-aspect-ratio\"><div class=\"wp-block-embed__wrapper\">\n<iframe loading=\"lazy\" title=\"Rodzinny rajd rowerowy z kie\u0142baskami z ogniska \u2013 zobacz jak by\u0142o! Stowarzyszenie Sportowe Inspiracje\" width=\"443\" height=\"788\" src=\"https:\/\/www.youtube.com\/embed\/WBvuxDVc1dg?feature=oembed\" frameborder=\"0\" allow=\"accelerometer; autoplay; clipboard-write; encrypted-media; gyroscope; picture-in-picture; web-share\" referrerpolicy=\"strict-origin-when-cross-origin\" allowfullscreen><\/iframe>\n<\/div><\/figure>\n\n\n\n<h2 class=\"wp-block-heading\">Dlaczego warto nas wspiera\u0107?<\/h2>\n\n\n\n<p>Twoja <strong>darowizna<\/strong> to realne wsparcie naszych dzia\u0142a\u0144. Dzi\u0119ki niej mo\u017cemy:<\/p>\n\n\n\n<ul class=\"wp-block-list\">\n<li>organizowa\u0107 <strong>imprezy sportowe dla dzieci, m\u0142odzie\u017cy i doros\u0142ych<\/strong>,<\/li>\n\n\n\n<li>rozwija\u0107 <strong>turystyk\u0119 rodzinn\u0105 i aktywne wyjazdy rekreacyjne<\/strong>,<\/li>\n\n\n\n<li>zapewnia\u0107 atrakcje, warsztaty i zaj\u0119cia integracyjne,<\/li>\n\n\n\n<li>promowa\u0107 zdrowy tryb \u017cycia i aktywno\u015b\u0107 fizyczn\u0105 w\u015br\u00f3d mieszka\u0144c\u00f3w.<\/li>\n<\/ul>\n\n\n\n<h2 class=\"wp-block-heading\">Co daje Twoja darowizna?<\/h2>\n\n\n\n<p>Przekazuj\u0105c darowizn\u0119, pomagasz nam tworzy\u0107 przestrze\u0144, w kt\u00f3rej sport i turystyka \u0142\u0105cz\u0105 ludzi. Ka\u017cda z\u0142ot\u00f3wka to:<\/p>\n\n\n\n<ul class=\"wp-block-list\">\n<li>wi\u0119cej wydarze\u0144 dost\u0119pnych dla wszystkich,<\/li>\n\n\n\n<li>lepsza oferta dla rodzin z dzie\u0107mi,<\/li>\n\n\n\n<li>rozw\u00f3j lokalnej spo\u0142eczno\u015bci,<\/li>\n\n\n\n<li>inspiracja do aktywno\u015bci i wsp\u00f3lnego sp\u0119dzania czasu.<\/li>\n<\/ul>\n\n\n\n<h2 class=\"wp-block-heading\">Jak mo\u017cesz pom\u00f3c?<\/h2>\n\n\n\n<p>\ud83d\udc49 <strong>Wesprzyj Stowarzyszenie Sportowe Inspiracje<\/strong> przekazuj\u0105c darowizn\u0119.<br>Dzi\u0119ki Twojej pomocy mo\u017cemy organizowa\u0107 kolejne projekty i sprawia\u0107, \u017ce sport i turystyka stan\u0105 si\u0119 dost\u0119pne dla ka\u017cdego.<\/p>\n\n\n\n<p class=\"has-luminous-vivid-amber-color has-midnight-gradient-background has-text-color has-background has-link-color wp-elements-6d84e9e64f3c225830ebfb37c6652e16\"><strong>PKO BP SA: 86 1020 3176 0000 5102 0328 6234 w tytule  wpisz &#8220;Darowizna na cele statutowe&#8221;<\/strong><\/p>\n\n\n\n<p>Stowarzyszenie Sportowe Inspiracje<\/p>\n\n\n\n<p>ul. Niepodleg\u0142o\u015bci 13\/152<\/p>\n\n\n\n<p>21-040 \u015awidnik<\/p>\n\n\n\n<p><\/p>\n","protected":false},"excerpt":{"rendered":"<p>Wesprzyj Stowarzyszenie Sportowe Inspiracje Kim jeste\u015bmy? Stowarzyszenie Sportowe Inspiracje to organizacja, kt\u00f3ra \u0142\u0105czy pasj\u0119 do sportu i turystyki. Tworzymy wydarzenia dla wszystkich \u2013 od amatorskich imprez sportowych, przez wyjazdy turystyczne dla rodzin z dzie\u0107mi, po integracyjne spotkania, kt\u00f3re buduj\u0105 wsp\u00f3lnot\u0119 i zdrowy styl \u017cycia. PKO BP SA: 86 1020 3176 0000 5102 0328 6234 w &hellip; <\/p>\n<p class=\"link-more\"><a href=\"https:\/\/sportoweinspiracje.com\/\" class=\"more-link\">Continue reading<span class=\"screen-reader-text\"> &#8220;Stowarzyszenie Sportowe inspiracje&#8221;<\/span><\/a><\/p>\n","protected":false},"author":1,"featured_media":0,"parent":0,"menu_order":0,"comment_status":"closed","ping_status":"closed","template":"","meta":{"footnotes":""},"class_list":["post-7","page","type-page","status-publish","hentry"],"_links":{"self":[{"href":"https:\/\/sportoweinspiracje.com\/index.php\/wp-json\/wp\/v2\/pages\/7","targetHints":{"allow":["GET"]}}],"collection":[{"href":"https:\/\/sportoweinspiracje.com\/index.php\/wp-json\/wp\/v2\/pages"}],"about":[{"href":"https:\/\/sportoweinspiracje.com\/index.php\/wp-json\/wp\/v2\/types\/page"}],"author":[{"embeddable":true,"href":"https:\/\/sportoweinspiracje.com\/index.php\/wp-json\/wp\/v2\/users\/1"}],"replies":[{"embeddable":true,"href":"https:\/\/sportoweinspiracje.com\/index.php\/wp-json\/wp\/v2\/comments?post=7"}],"version-history":[{"count":7,"href":"https:\/\/sportoweinspiracje.com\/index.php\/wp-json\/wp\/v2\/pages\/7\/revisions"}],"predecessor-version":[{"id":53,"href":"https:\/\/sportoweinspiracje.com\/index.php\/wp-json\/wp\/v2\/pages\/7\/revisions\/53"}],"wp:attachment":[{"href":"https:\/\/sportoweinspiracje.com\/index.php\/wp-json\/wp\/v2\/media?parent=7"}],"curies":[{"name":"wp","href":"https:\/\/api.w.org\/{rel}","templated":true}]}}